{"id":135,"date":"2025-03-07T02:29:07","date_gmt":"2025-03-07T02:29:07","guid":{"rendered":"https:\/\/clunkso.com\/?page_id=135"},"modified":"2025-11-05T13:04:12","modified_gmt":"2025-11-05T13:04:12","slug":"about","status":"publish","type":"page","link":"https:\/\/clunkso.com\/pl\/about\/","title":{"rendered":"O nas"},"content":{"rendered":"<p>Witamy w Clunkso, Twoim zaufanym \u017ar\u00f3dle przemy\u015blanych i dog\u0142\u0119bnych informacji o technologii. Wykraczamy poza nag\u0142\u00f3wki, aby zapewni\u0107 Ci recenzje aplikacji ekspert\u00f3w, praktyczne informacje o gad\u017cetach i dog\u0142\u0119bne analizy najnowszych innowacji kszta\u0142tuj\u0105cych cyfrowy \u015bwiat. Niezale\u017cnie od tego, czy szukasz aplikacji, kt\u00f3ra u\u0142atwi Ci \u017cycie, odkrywasz nowe trendy technologiczne, czy szukasz obiektywnych rekomendacji produkt\u00f3w, Clunkso pomo\u017ce Ci porusza\u0107 si\u0119 po tym wszystkim z pewno\u015bci\u0105 siebie.<\/p>\n\n\n\n<h3 class=\"wp-block-heading\">Kim jeste\u015bmy<\/h3>\n\n\n\n<p>W Clunkso jeste\u015bmy czym\u015b wi\u0119cej ni\u017c tylko entuzjastami technologii \u2013 jeste\u015bmy cyfrowymi odkrywcami, kt\u00f3rzy z oddaniem odkrywaj\u0105 najbardziej u\u017cyteczne, innowacyjne i prze\u0142omowe technologie. Nasz zesp\u00f3\u0142 z pasj\u0105 analizuje dynamicznie zmieniaj\u0105cy si\u0119 \u015bwiat technologii, przebijaj\u0105c si\u0119 przez szum informacyjny, aby dostarcza\u0107 Ci jasnych i praktycznych spostrze\u017ce\u0144.<\/p>\n\n\n\n<p>Wierzymy, \u017ce technologia powinna s\u0142u\u017cy\u0107, a nie przyt\u0142acza\u0107. Dlatego nasze tre\u015bci s\u0105 zaprojektowane tak, aby podkre\u015bla\u0107 praktyczn\u0105 u\u017cyteczno\u015b\u0107, pomagaj\u0105c Ci odkrywa\u0107 aplikacje, urz\u0105dzenia i narz\u0119dzia, kt\u00f3re naprawd\u0119 zmieniaj\u0105 Twoje codzienne \u017cycie \u2013 czy to w pracy, rozrywce, czy osobistej produktywno\u015bci. Od mniej znanych pere\u0142ek aplikacji po innowacje kszta\u0142tuj\u0105ce bran\u017c\u0119 \u2013 zag\u0142\u0119biamy si\u0119 w temat, \u017ceby\u015b Ty nie musia\u0142.<\/p>\n\n\n\n<h3 class=\"wp-block-heading\">Co oferujemy<\/h3>\n\n\n\n<p>Clunkso zosta\u0142o stworzone dla ka\u017cdego, kto chce podejmowa\u0107 m\u0105drzejsze decyzje technologiczne \u2013 niezale\u017cnie od tego, czy jeste\u015b zwyk\u0142ym u\u017cytkownikiem szukaj\u0105cym rzetelnych rekomendacji, czy pasjonatem technologii spragnionym dog\u0142\u0119bnej analizy. Oto, co znajdziesz:<\/p>\n\n\n\n<p>\u2714 <strong>Najwa\u017cniejsze funkcje aplikacji i gad\u017cet\u00f3w<\/strong> \u2013 B\u0105d\u017a na bie\u017c\u0105co dzi\u0119ki starannie dobranym rekomendacjom aplikacji, oprogramowania i urz\u0105dze\u0144, kt\u00f3re zwi\u0119kszaj\u0105 produktywno\u015b\u0107, kreatywno\u015b\u0107 i zapewniaj\u0105 rozrywk\u0119.<\/p>\n\n\n\n<p>\u2714 <strong>Przewodniki techniczne krok po kroku<\/strong> \u2013 Nasze proste w u\u017cyciu samouczki pomog\u0105 Ci opanowa\u0107 aplikacje, oprogramowanie i narz\u0119dzia cyfrowe, niezale\u017cnie od Twojego poziomu do\u015bwiadczenia.<\/p>\n\n\n\n<p>\u2714 <strong>Wiadomo\u015bci i trendy technologiczne<\/strong> \u2013 Otrzymuj aktualne informacje na temat pojawiaj\u0105cych si\u0119 innowacji, od sztucznej inteligencji i post\u0119pu w dziedzinie urz\u0105dze\u0144 mobilnych po kolejn\u0105 fal\u0119 technologii konsumenckich.<\/p>\n\n\n\n<p>\u2714 <strong>Szczeg\u00f3\u0142owe recenzje i por\u00f3wnania<\/strong> \u2013 Dostarczamy obiektywnych, opartych na badaniach ocen, kt\u00f3re pomog\u0105 Ci wybra\u0107 najlepsze aplikacje, platformy i gad\u017cety odpowiadaj\u0105ce Twoim potrzebom.<\/p>\n\n\n\n<p>\u2714 <strong>Przysz\u0142o\u015b\u0107 technologii<\/strong> \u2013 Odkryj, w jaki spos\u00f3b prze\u0142omowe osi\u0105gni\u0119cia kszta\u0142tuj\u0105 przemys\u0142, zmieniaj\u0105 nasze \u017cycie i na nowo definiuj\u0105 to, co jest mo\u017cliwe.<\/p>\n\n\n\n<h3 class=\"wp-block-heading\">Nasze zaanga\u017cowanie w przejrzysto\u015b\u0107<\/h3>\n\n\n\n<p>Uczciwo\u015b\u0107 i niezale\u017cno\u015b\u0107 s\u0105 podstaw\u0105 naszej dzia\u0142alno\u015bci. W Clunkso nie jeste\u015bmy powi\u0105zani z \u017cadnymi markami ani firmami prezentowanymi w naszych tre\u015bciach, co pozwala nam zachowa\u0107 pe\u0142n\u0105 swobod\u0119 redakcyjn\u0105. Ka\u017cda recenzja, poradnik i rekomendacja opieraj\u0105 si\u0119 na dog\u0142\u0119bnych badaniach i praktycznym do\u015bwiadczeniu, gwarantuj\u0105c rzetelno\u015b\u0107 i wiarygodno\u015b\u0107 przekazu.<\/p>\n\n\n\n<p>Nasz cel jest prosty: zapewni\u0107 Ci dost\u0119p do rzetelnych, rzetelnie opracowanych i praktycznych tre\u015bci technologicznych, kt\u00f3re pomog\u0105 Ci podejmowa\u0107 \u015bwiadome decyzje w ci\u0105gle zmieniaj\u0105cym si\u0119 cyfrowym \u015bwiecie. D\u0105\u017c\u0105c do precyzji, zawsze zach\u0119camy naszych czytelnik\u00f3w do odkrywania r\u00f3\u017cnych perspektyw i przeprowadzania w\u0142asnych bada\u0144 przed rozwa\u017ceniem nowych aplikacji, us\u0142ug lub urz\u0105dze\u0144.<\/p>\n\n\n\n<p>Technologia nigdy si\u0119 nie zatrzymuje, my te\u017c nie. Niezale\u017cnie od tego, czy szukasz analizy eksperckiej, praktycznego wsparcia, czy najnowszych trend\u00f3w cyfrowych, Clunkso jest Twoim zaufanym partnerem w poruszaniu si\u0119 po \u015bwiecie nap\u0119dzanym technologi\u0105.<\/p>","protected":false},"excerpt":{"rendered":"<p>Witamy w Clunkso, Twoim zaufanym \u017ar\u00f3dle przemy\u015blanych i dog\u0142\u0119bnych informacji o technologii. Wykraczamy poza nag\u0142\u00f3wki, aby zapewni\u0107 Ci recenzje aplikacji ekspert\u00f3w, praktyczne informacje o gad\u017cetach i dog\u0142\u0119bne analizy najnowszych innowacji kszta\u0142tuj\u0105cych cyfrowy \u015bwiat. Niezale\u017cnie od tego, czy szukasz aplikacji, kt\u00f3ra u\u0142atwi Ci \u017cycie, zg\u0142\u0119biasz nowe trendy technologiczne, czy te\u017c [\u2026]<\/p>","protected":false},"author":3,"featured_media":0,"parent":0,"menu_order":0,"comment_status":"closed","ping_status":"closed","template":"page-nosidebar.php","meta":{"footnotes":""},"yoast_head":"<!-- This site is optimized with the Yoast SEO plugin v23.3 - https:\/\/yoast.com\/wordpress\/plugins\/seo\/ -->\n<title>About Us - Clunkso<\/title>\n<meta name=\"robots\" content=\"index, follow, max-snippet:-1, max-image-preview:large, max-video-preview:-1\" \/>\n<link rel=\"canonical\" href=\"https:\/\/clunkso.com\/pl\/about\/\" \/>\n<meta property=\"og:locale\" content=\"pl_PL\" \/>\n<meta property=\"og:type\" content=\"article\" \/>\n<meta property=\"og:title\" content=\"About Us - Clunkso\" \/>\n<meta property=\"og:description\" content=\"Welcome to Clunkso, your trusted source for thoughtful and in-depth tech coverage. We go beyond the headlines to bring you expert app reviews, hands-on gadget insights, and well-researched deep dives into the latest innovations shaping the digital world. Whether you&#8217;re searching for an app that simplifies your life, exploring emerging tech trends, or looking for [&hellip;]\" \/>\n<meta property=\"og:url\" content=\"https:\/\/clunkso.com\/pl\/about\/\" \/>\n<meta property=\"og:site_name\" content=\"Clunkso\" \/>\n<meta property=\"article:modified_time\" content=\"2025-11-05T13:04:12+00:00\" \/>\n<meta name=\"twitter:card\" content=\"summary_large_image\" \/>\n<meta name=\"twitter:label1\" content=\"Est. reading time\" \/>\n\t<meta name=\"twitter:data1\" content=\"2 minuty\" \/>\n<script type=\"application\/ld+json\" class=\"yoast-schema-graph\">{\"@context\":\"https:\/\/schema.org\",\"@graph\":[{\"@type\":\"WebPage\",\"@id\":\"https:\/\/clunkso.com\/about\/\",\"url\":\"https:\/\/clunkso.com\/about\/\",\"name\":\"About Us - Clunkso\",\"isPartOf\":{\"@id\":\"https:\/\/clunkso.com\/#website\"},\"datePublished\":\"2025-03-07T02:29:07+00:00\",\"dateModified\":\"2025-11-05T13:04:12+00:00\",\"breadcrumb\":{\"@id\":\"https:\/\/clunkso.com\/about\/#breadcrumb\"},\"inLanguage\":\"pl-PL\",\"potentialAction\":[{\"@type\":\"ReadAction\",\"target\":[\"https:\/\/clunkso.com\/about\/\"]}]},{\"@type\":\"BreadcrumbList\",\"@id\":\"https:\/\/clunkso.com\/about\/#breadcrumb\",\"itemListElement\":[{\"@type\":\"ListItem\",\"position\":1,\"name\":\"Home\",\"item\":\"https:\/\/clunkso.com\/\"},{\"@type\":\"ListItem\",\"position\":2,\"name\":\"About Us\"}]},{\"@type\":\"WebSite\",\"@id\":\"https:\/\/clunkso.com\/#website\",\"url\":\"https:\/\/clunkso.com\/\",\"name\":\"Clunkso\",\"description\":\"\",\"potentialAction\":[{\"@type\":\"SearchAction\",\"target\":{\"@type\":\"EntryPoint\",\"urlTemplate\":\"https:\/\/clunkso.com\/?s={search_term_string}\"},\"query-input\":\"required name=search_term_string\"}],\"inLanguage\":\"pl-PL\"}]}<\/script>\n<!-- \/ Yoast SEO plugin. -->","yoast_head_json":{"title":"About Us - Clunkso","robots":{"index":"index","follow":"follow","max-snippet":"max-snippet:-1","max-image-preview":"max-image-preview:large","max-video-preview":"max-video-preview:-1"},"canonical":"https:\/\/clunkso.com\/pl\/about\/","og_locale":"pl_PL","og_type":"article","og_title":"About Us - Clunkso","og_description":"Welcome to Clunkso, your trusted source for thoughtful and in-depth tech coverage. We go beyond the headlines to bring you expert app reviews, hands-on gadget insights, and well-researched deep dives into the latest innovations shaping the digital world. Whether you&#8217;re searching for an app that simplifies your life, exploring emerging tech trends, or looking for [&hellip;]","og_url":"https:\/\/clunkso.com\/pl\/about\/","og_site_name":"Clunkso","article_modified_time":"2025-11-05T13:04:12+00:00","twitter_card":"summary_large_image","twitter_misc":{"Est. reading time":"2 minuty"},"schema":{"@context":"https:\/\/schema.org","@graph":[{"@type":"WebPage","@id":"https:\/\/clunkso.com\/about\/","url":"https:\/\/clunkso.com\/about\/","name":"About Us - Clunkso","isPartOf":{"@id":"https:\/\/clunkso.com\/#website"},"datePublished":"2025-03-07T02:29:07+00:00","dateModified":"2025-11-05T13:04:12+00:00","breadcrumb":{"@id":"https:\/\/clunkso.com\/about\/#breadcrumb"},"inLanguage":"pl-PL","potentialAction":[{"@type":"ReadAction","target":["https:\/\/clunkso.com\/about\/"]}]},{"@type":"BreadcrumbList","@id":"https:\/\/clunkso.com\/about\/#breadcrumb","itemListElement":[{"@type":"ListItem","position":1,"name":"Home","item":"https:\/\/clunkso.com\/"},{"@type":"ListItem","position":2,"name":"About Us"}]},{"@type":"WebSite","@id":"https:\/\/clunkso.com\/#website","url":"https:\/\/clunkso.com\/","name":"Clunkso","description":"","potentialAction":[{"@type":"SearchAction","target":{"@type":"EntryPoint","urlTemplate":"https:\/\/clunkso.com\/?s={search_term_string}"},"query-input":"required name=search_term_string"}],"inLanguage":"pl-PL"}]}},"_links":{"self":[{"href":"https:\/\/clunkso.com\/pl\/wp-json\/wp\/v2\/pages\/135"}],"collection":[{"href":"https:\/\/clunkso.com\/pl\/wp-json\/wp\/v2\/pages"}],"about":[{"href":"https:\/\/clunkso.com\/pl\/wp-json\/wp\/v2\/types\/page"}],"author":[{"embeddable":true,"href":"https:\/\/clunkso.com\/pl\/wp-json\/wp\/v2\/users\/3"}],"replies":[{"embeddable":true,"href":"https:\/\/clunkso.com\/pl\/wp-json\/wp\/v2\/comments?post=135"}],"version-history":[{"count":1,"href":"https:\/\/clunkso.com\/pl\/wp-json\/wp\/v2\/pages\/135\/revisions"}],"predecessor-version":[{"id":136,"href":"https:\/\/clunkso.com\/pl\/wp-json\/wp\/v2\/pages\/135\/revisions\/136"}],"wp:attachment":[{"href":"https:\/\/clunkso.com\/pl\/wp-json\/wp\/v2\/media?parent=135"}],"curies":[{"name":"wp","href":"https:\/\/api.w.org\/{rel}","templated":true}]}}