{"id":135,"date":"2025-03-07T02:29:07","date_gmt":"2025-03-07T02:29:07","guid":{"rendered":"https:\/\/clunkso.com\/?page_id=135"},"modified":"2025-11-05T13:04:12","modified_gmt":"2025-11-05T13:04:12","slug":"about","status":"publish","type":"page","link":"https:\/\/clunkso.com\/pt\/about\/","title":{"rendered":"Sobre n\u00f3s"},"content":{"rendered":"<p>Bem-vindo(a) ao Clunkso, sua fonte confi\u00e1vel para conte\u00fado tecnol\u00f3gico completo e aprofundado. Vamos al\u00e9m das manchetes para trazer a voc\u00ea an\u00e1lises de aplicativos feitas por especialistas, insights pr\u00e1ticos sobre gadgets e pesquisas minuciosas sobre as \u00faltimas inova\u00e7\u00f5es que moldam o mundo digital. Se voc\u00ea est\u00e1 procurando um aplicativo que simplifique sua vida, explorando as tend\u00eancias tecnol\u00f3gicas emergentes ou buscando recomenda\u00e7\u00f5es imparciais de produtos, o Clunkso est\u00e1 aqui para ajud\u00e1-lo(a) a navegar por tudo isso com confian\u00e7a.<\/p>\n\n\n\n<h3 class=\"wp-block-heading\">Quem somos<\/h3>\n\n\n\n<p>Na Clunkso, somos mais do que apenas entusiastas de tecnologia \u2014 somos exploradores digitais dedicados a descobrir as tecnologias mais \u00fateis, inovadoras e revolucion\u00e1rias. Nossa equipe \u00e9 apaixonada por desvendar o cen\u00e1rio tecnol\u00f3gico em constante evolu\u00e7\u00e3o, filtrando o ru\u00eddo para trazer a voc\u00ea insights claros e pr\u00e1ticos.<\/p>\n\n\n\n<p>Acreditamos que a tecnologia deve servir voc\u00ea, e n\u00e3o sobrecarreg\u00e1-lo. \u00c9 por isso que nosso conte\u00fado \u00e9 projetado para destacar a usabilidade no mundo real, ajudando voc\u00ea a descobrir aplicativos, dispositivos e ferramentas que realmente fazem a diferen\u00e7a no seu dia a dia \u2014 seja para o trabalho, entretenimento ou produtividade pessoal. De aplicativos pouco conhecidos a inova\u00e7\u00f5es que moldam o setor, n\u00f3s nos aprofundamos para que voc\u00ea n\u00e3o precise.<\/p>\n\n\n\n<h3 class=\"wp-block-heading\">O que oferecemos<\/h3>\n\n\n\n<p>O Clunkso foi desenvolvido para qualquer pessoa que queira fazer escolhas tecnol\u00f3gicas mais inteligentes \u2014 seja voc\u00ea um usu\u00e1rio comum em busca de recomenda\u00e7\u00f5es confi\u00e1veis ou um aficionado por tecnologia \u00e1vido por an\u00e1lises aprofundadas. Veja o que voc\u00ea encontrar\u00e1:<\/p>\n\n\n\n<p>\u2714 <strong>Destaques de aplicativos e gadgets<\/strong> \u2013 Mantenha-se \u00e0 frente das tend\u00eancias com recomenda\u00e7\u00f5es selecionadas de aplicativos, softwares e dispositivos que aprimoram a produtividade, a criatividade e o entretenimento.<\/p>\n\n\n\n<p>\u2714 <strong>Guias t\u00e9cnicos passo a passo<\/strong> Nossos tutoriais f\u00e1ceis de seguir ajudam voc\u00ea a dominar aplicativos, softwares e ferramentas digitais, independentemente do seu n\u00edvel de experi\u00eancia.<\/p>\n\n\n\n<p>\u2714 <strong>Not\u00edcias e tend\u00eancias de tecnologia<\/strong> \u2013 Obtenha informa\u00e7\u00f5es oportunas sobre inova\u00e7\u00f5es emergentes, desde intelig\u00eancia artificial e avan\u00e7os em dispositivos m\u00f3veis at\u00e9 a pr\u00f3xima onda de tecnologia de consumo.<\/p>\n\n\n\n<p>\u2714 <strong>An\u00e1lises e compara\u00e7\u00f5es detalhadas<\/strong> \u2013 Oferecemos avalia\u00e7\u00f5es imparciais e baseadas em pesquisa para ajudar voc\u00ea a escolher os melhores aplicativos, plataformas e dispositivos para suas necessidades.<\/p>\n\n\n\n<p>\u2714 <strong>O futuro da tecnologia<\/strong> \u2013 Descubra como avan\u00e7os inovadores est\u00e3o moldando setores, mudando a forma como vivemos e redefinindo o que \u00e9 poss\u00edvel.<\/p>\n\n\n\n<h3 class=\"wp-block-heading\">Nosso Compromisso com a Transpar\u00eancia<\/h3>\n\n\n\n<p>Integridade e independ\u00eancia s\u00e3o a ess\u00eancia do nosso trabalho. Na Clunkso, n\u00e3o temos v\u00ednculo com nenhuma marca ou empresa mencionada em nosso conte\u00fado, o que nos permite manter total liberdade editorial. Cada an\u00e1lise, guia e recomenda\u00e7\u00e3o \u00e9 baseada em pesquisa minuciosa e experi\u00eancia pr\u00e1tica, garantindo que voc\u00ea receba informa\u00e7\u00f5es honestas e confi\u00e1veis.<\/p>\n\n\n\n<p>Nosso objetivo \u00e9 simples: fornecer a voc\u00ea conte\u00fado tecnol\u00f3gico preciso, bem pesquisado e pr\u00e1tico que o ajude a tomar decis\u00f5es informadas em um mundo digital em constante transforma\u00e7\u00e3o. Embora busquemos a precis\u00e3o, sempre incentivamos nossos leitores a explorar diferentes perspectivas e realizar suas pr\u00f3prias pesquisas ao considerar novos aplicativos, servi\u00e7os ou dispositivos.<\/p>\n\n\n\n<p>A tecnologia nunca para, e n\u00f3s tamb\u00e9m n\u00e3o. Seja para an\u00e1lises de especialistas, orienta\u00e7\u00f5es pr\u00e1ticas ou para conhecer as \u00faltimas tend\u00eancias digitais, a Clunkso \u00e9 sua parceira de confian\u00e7a para navegar no mundo tecnol\u00f3gico.<\/p>","protected":false},"excerpt":{"rendered":"<p>Welcome to Clunkso, your trusted source for thoughtful and in-depth tech coverage. We go beyond the headlines to bring you expert app reviews, hands-on gadget insights, and well-researched deep dives into the latest innovations shaping the digital world. Whether you&#8217;re searching for an app that simplifies your life, exploring emerging tech trends, or looking for [&hellip;]<\/p>","protected":false},"author":3,"featured_media":0,"parent":0,"menu_order":0,"comment_status":"closed","ping_status":"closed","template":"page-nosidebar.php","meta":{"footnotes":""},"yoast_head":"<!-- This site is optimized with the Yoast SEO plugin v23.3 - https:\/\/yoast.com\/wordpress\/plugins\/seo\/ -->\n<title>About Us - Clunkso<\/title>\n<meta name=\"robots\" content=\"index, follow, max-snippet:-1, max-image-preview:large, max-video-preview:-1\" \/>\n<link rel=\"canonical\" href=\"https:\/\/clunkso.com\/pt\/about\/\" \/>\n<meta property=\"og:locale\" content=\"pt_BR\" \/>\n<meta property=\"og:type\" content=\"article\" \/>\n<meta property=\"og:title\" content=\"About Us - Clunkso\" \/>\n<meta property=\"og:description\" content=\"Welcome to Clunkso, your trusted source for thoughtful and in-depth tech coverage. We go beyond the headlines to bring you expert app reviews, hands-on gadget insights, and well-researched deep dives into the latest innovations shaping the digital world. Whether you&#8217;re searching for an app that simplifies your life, exploring emerging tech trends, or looking for [&hellip;]\" \/>\n<meta property=\"og:url\" content=\"https:\/\/clunkso.com\/pt\/about\/\" \/>\n<meta property=\"og:site_name\" content=\"Clunkso\" \/>\n<meta property=\"article:modified_time\" content=\"2025-11-05T13:04:12+00:00\" \/>\n<meta name=\"twitter:card\" content=\"summary_large_image\" \/>\n<meta name=\"twitter:label1\" content=\"Est. reading time\" \/>\n\t<meta name=\"twitter:data1\" content=\"2 minutos\" \/>\n<script type=\"application\/ld+json\" class=\"yoast-schema-graph\">{\"@context\":\"https:\/\/schema.org\",\"@graph\":[{\"@type\":\"WebPage\",\"@id\":\"https:\/\/clunkso.com\/about\/\",\"url\":\"https:\/\/clunkso.com\/about\/\",\"name\":\"About Us - Clunkso\",\"isPartOf\":{\"@id\":\"https:\/\/clunkso.com\/#website\"},\"datePublished\":\"2025-03-07T02:29:07+00:00\",\"dateModified\":\"2025-11-05T13:04:12+00:00\",\"breadcrumb\":{\"@id\":\"https:\/\/clunkso.com\/about\/#breadcrumb\"},\"inLanguage\":\"pt-BR\",\"potentialAction\":[{\"@type\":\"ReadAction\",\"target\":[\"https:\/\/clunkso.com\/about\/\"]}]},{\"@type\":\"BreadcrumbList\",\"@id\":\"https:\/\/clunkso.com\/about\/#breadcrumb\",\"itemListElement\":[{\"@type\":\"ListItem\",\"position\":1,\"name\":\"Home\",\"item\":\"https:\/\/clunkso.com\/\"},{\"@type\":\"ListItem\",\"position\":2,\"name\":\"About Us\"}]},{\"@type\":\"WebSite\",\"@id\":\"https:\/\/clunkso.com\/#website\",\"url\":\"https:\/\/clunkso.com\/\",\"name\":\"Clunkso\",\"description\":\"\",\"potentialAction\":[{\"@type\":\"SearchAction\",\"target\":{\"@type\":\"EntryPoint\",\"urlTemplate\":\"https:\/\/clunkso.com\/?s={search_term_string}\"},\"query-input\":\"required name=search_term_string\"}],\"inLanguage\":\"pt-BR\"}]}<\/script>\n<!-- \/ Yoast SEO plugin. -->","yoast_head_json":{"title":"About Us - Clunkso","robots":{"index":"index","follow":"follow","max-snippet":"max-snippet:-1","max-image-preview":"max-image-preview:large","max-video-preview":"max-video-preview:-1"},"canonical":"https:\/\/clunkso.com\/pt\/about\/","og_locale":"pt_BR","og_type":"article","og_title":"About Us - Clunkso","og_description":"Welcome to Clunkso, your trusted source for thoughtful and in-depth tech coverage. We go beyond the headlines to bring you expert app reviews, hands-on gadget insights, and well-researched deep dives into the latest innovations shaping the digital world. Whether you&#8217;re searching for an app that simplifies your life, exploring emerging tech trends, or looking for [&hellip;]","og_url":"https:\/\/clunkso.com\/pt\/about\/","og_site_name":"Clunkso","article_modified_time":"2025-11-05T13:04:12+00:00","twitter_card":"summary_large_image","twitter_misc":{"Est. reading time":"2 minutos"},"schema":{"@context":"https:\/\/schema.org","@graph":[{"@type":"WebPage","@id":"https:\/\/clunkso.com\/about\/","url":"https:\/\/clunkso.com\/about\/","name":"About Us - Clunkso","isPartOf":{"@id":"https:\/\/clunkso.com\/#website"},"datePublished":"2025-03-07T02:29:07+00:00","dateModified":"2025-11-05T13:04:12+00:00","breadcrumb":{"@id":"https:\/\/clunkso.com\/about\/#breadcrumb"},"inLanguage":"pt-BR","potentialAction":[{"@type":"ReadAction","target":["https:\/\/clunkso.com\/about\/"]}]},{"@type":"BreadcrumbList","@id":"https:\/\/clunkso.com\/about\/#breadcrumb","itemListElement":[{"@type":"ListItem","position":1,"name":"Home","item":"https:\/\/clunkso.com\/"},{"@type":"ListItem","position":2,"name":"About Us"}]},{"@type":"WebSite","@id":"https:\/\/clunkso.com\/#website","url":"https:\/\/clunkso.com\/","name":"Clunkso","description":"","potentialAction":[{"@type":"SearchAction","target":{"@type":"EntryPoint","urlTemplate":"https:\/\/clunkso.com\/?s={search_term_string}"},"query-input":"required name=search_term_string"}],"inLanguage":"pt-BR"}]}},"_links":{"self":[{"href":"https:\/\/clunkso.com\/pt\/wp-json\/wp\/v2\/pages\/135"}],"collection":[{"href":"https:\/\/clunkso.com\/pt\/wp-json\/wp\/v2\/pages"}],"about":[{"href":"https:\/\/clunkso.com\/pt\/wp-json\/wp\/v2\/types\/page"}],"author":[{"embeddable":true,"href":"https:\/\/clunkso.com\/pt\/wp-json\/wp\/v2\/users\/3"}],"replies":[{"embeddable":true,"href":"https:\/\/clunkso.com\/pt\/wp-json\/wp\/v2\/comments?post=135"}],"version-history":[{"count":1,"href":"https:\/\/clunkso.com\/pt\/wp-json\/wp\/v2\/pages\/135\/revisions"}],"predecessor-version":[{"id":136,"href":"https:\/\/clunkso.com\/pt\/wp-json\/wp\/v2\/pages\/135\/revisions\/136"}],"wp:attachment":[{"href":"https:\/\/clunkso.com\/pt\/wp-json\/wp\/v2\/media?parent=135"}],"curies":[{"name":"wp","href":"https:\/\/api.w.org\/{rel}","templated":true}]}}